{"id":982,"date":"2025-11-27T02:27:11","date_gmt":"2025-11-27T02:27:11","guid":{"rendered":"https:\/\/distripacktrading.surhost.com\/?page_id=982"},"modified":"2025-11-27T22:10:57","modified_gmt":"2025-11-27T22:10:57","slug":"distripack-trader-global-en-papeles-pulpa-industria-grafica-e-insumos-para-construccion-modular-sustentable","status":"publish","type":"page","link":"https:\/\/distripacktrading.surhost.com\/en\/distripack-trader-global-en-papeles-pulpa-industria-grafica-e-insumos-para-construccion-modular-sustentable\/","title":{"rendered":"Distripack Trading | Trading Global en Papeles y Pulpa, Industria Gr\u00e1fica e insumos para construcci\u00f3n modular sustentable"},"content":{"rendered":"<div class=\"et_pb_section_0 et_pb_section et_section_regular et_flex_section preset--group--divi-section--divi-layout--default\">\n<div class=\"et_pb_row_0 et_pb_row et_flex_row preset--group--divi-row--divi-layout--default preset--module--divi-row--default\">\n<div class=\"et_pb_column_0 et_pb_column et-last-child et_flex_column et_pb_css_mix_blend_mode_passthrough et_flex_column_24_24\">\n<div class=\"et_pb_slider_0 et_pb_slider et_pb_slider_fullwidth_off et_slider_auto et_slider_speed_6000 et_pb_module et_flex_module preset--module--divi-slider--default\"><div class=\"et_pb_slides\">\n<div class=\"et_pb_slide_0 et_pb_slide et_pb_slider_with_overlay et_pb_media_alignment_center et_pb_bg_layout_dark\" data-slide-id=\"divi\/slide-0\"><div class=\"et_pb_slide_overlay_container\"><\/div><div class=\"et_pb_container\"><div class=\"et_pb_slider_container_inner\"><div class=\"et_pb_slide_description et_flex_module\"><h2 class=\"et_pb_slide_title\">Inteligencia de Mercado Global<\/h2><div class=\"et_pb_slide_content\"><p>&nbsp;<\/p>\n<p>No solo buscamos proveedores; seleccionamos socios.<\/p>\n<p>Rastreamos mercados globales para hallar fabricantes que cumplan con tus est\u00e1ndares exactos de calidad, precio y capacidad.<\/p>\n<p>&nbsp;<\/p>\n<\/div><div class=\"et_pb_button_wrapper\"><a class=\"et_pb_button et_pb_more_button\" href=\"#\">Iniciar b\u00fasqueda<\/a><\/div><\/div><\/div><\/div><\/div>\n\n<div class=\"et_pb_slide_1 et_pb_slide et_pb_slider_with_overlay et_pb_media_alignment_center et_pb_bg_layout_dark\" data-slide-id=\"divi\/slide-1\"><div class=\"et_pb_slide_overlay_container\"><\/div><div class=\"et_pb_container\"><div class=\"et_pb_slider_container_inner\"><div class=\"et_pb_slide_description et_flex_module\"><h2 class=\"et_pb_slide_title\">Ingenier\u00eda Financiera<\/h2><div class=\"et_pb_slide_content\"><p>&nbsp;<\/p>\n<p>Hacemos viable lo complejo. Estructuramos soluciones de cr\u00e9dito y plazos de pago a medida, protegiendo tu flujo de caja mientras operas internacionalmente.<\/p>\n<p>&nbsp;<\/p>\n<\/div><div class=\"et_pb_button_wrapper\"><a class=\"et_pb_button et_pb_more_button\" href=\"#\">Ver soluciones<\/a><\/div><\/div><\/div><\/div><\/div>\n\n<div class=\"et_pb_slide_2 et_pb_slide et_pb_slider_with_overlay et_pb_media_alignment_center et_pb_bg_layout_dark\" data-slide-id=\"divi\/slide-2\"><div class=\"et_pb_slide_overlay_container\"><\/div><div class=\"et_pb_container\"><div class=\"et_pb_slider_container_inner\"><div class=\"et_pb_slide_description et_flex_module\"><h2 class=\"et_pb_slide_title\">Protecci\u00f3n de Activos<\/h2><div class=\"et_pb_slide_content\"><p>&nbsp;<\/p>\n<p>Tu capital viaja blindado. Gestionamos p\u00f3lizas de seguro internacional &#8220;Todo Riesgo&#8221; de primer nivel, mitigando cualquier imprevisto desde la f\u00e1brica hasta tu puerta.<\/p>\n<p>&nbsp;<\/p>\n<\/div><div class=\"et_pb_button_wrapper\"><a class=\"et_pb_button et_pb_more_button\" href=\"#\">Nuestras coberturas<\/a><\/div><\/div><\/div><\/div><\/div>\n<\/div><\/div>\n<\/div>\n<\/div>\n<\/div>\n\n<div class=\"et_pb_section_1 et_pb_section et_section_regular et_flex_section preset--group--divi-section--divi-layout--default\">\n<div class=\"et_pb_row_1 et_pb_row et_flex_row preset--group--divi-row--divi-layout--default preset--module--divi-row--default\">\n<div class=\"et_pb_column_1 et_pb_column et_flex_column et_pb_css_mix_blend_mode_passthrough et_flex_column_12_24 et_flex_column_24_24_phone et_flex_column_24_24_phoneWide\">\n<div class=\"et_pb_image_0 et_pb_image et_pb_module et_flex_module preset--module--divi-image--default\"><span class=\"et_pb_image_wrap\"><img decoding=\"async\" data-src=\"https:\/\/distripacktrading.surhost.com\/wp-content\/uploads\/2025\/11\/inteligencia-de-negocios.jpg\" width=\"1024\" height=\"1024\" data-srcset=\"https:\/\/distripacktrading.surhost.com\/wp-content\/uploads\/2025\/11\/inteligencia-de-negocios.jpg 1024w, https:\/\/distripacktrading.surhost.com\/wp-content\/uploads\/2025\/11\/inteligencia-de-negocios-980x980.jpg 980w, https:\/\/distripacktrading.surhost.com\/wp-content\/uploads\/2025\/11\/inteligencia-de-negocios-480x480.jpg 480w\" data-sizes=\"(min-width: 0px) and (max-width: 480px) 480px, (min-width: 481px) and (max-width: 980px) 980px, (min-width: 981px) 1024px, 100vw\" class=\"wp-image-377 lazyload\" src=\"data:image\/gif;base64,R0lGODlhAQABAAAAACH5BAEKAAEALAAAAAABAAEAAAICTAEAOw==\" style=\"--smush-placeholder-width: 1024px; --smush-placeholder-aspect-ratio: 1024\/1024;\" \/><\/span><\/div>\n<\/div>\n\n<div class=\"et_pb_column_2 et_pb_column et-last-child et_flex_column et_pb_css_mix_blend_mode_passthrough et_flex_column_12_24 et_flex_column_24_24_phone et_flex_column_24_24_phoneWide\">\n<div class=\"et_pb_heading_0 et_pb_heading et_pb_module et_block_module preset--module--divi-heading--default\"><div class=\"et_pb_heading_container\"><h1 class=\"et_pb_module_header\">About Distripack<\/h1><\/div><\/div>\n\n<div class=\"et_pb_text_0 et_pb_text et_pb_bg_layout_light et_pb_module et_block_module preset--module--divi-text--de29743a-b3bd-4312-8d11-1316c7001969\"><div class=\"et_pb_text_inner\" data-et-multi-view-load-phone-hidden=\"true\"><p class=\"translation-block\">At Distripack we operate the international B2B trade of papers and cardboards, paper pulp, supplies for the graphic arts industry, visual communication solutions and sustainable modular construction systems.<\/p>\n<p>n<\/p>\n<p>We are a strategic trading partner that connects manufacturers, distributors, and buyers through a global network, efficient processes, logistical support, and a secure platform.<\/p>\n<\/div><\/div>\n<\/div>\n<\/div>\n<\/div>\n\n<div class=\"et_pb_section_2 et_pb_section et_section_regular et_flex_section preset--group--divi-section--divi-layout--default\">\n<div class=\"et_pb_row_2 et_pb_row et_flex_row preset--group--divi-row--divi-layout--default preset--module--divi-row--default\">\n<div class=\"et_pb_column_3 et_pb_column et_flex_column et_pb_css_mix_blend_mode_passthrough et_flex_column_3_5 et_flex_column_24_24_phone et_flex_column_24_24_phoneWide\">\n<div class=\"et_pb_heading_1 et_pb_heading et_pb_module et_block_module preset--module--divi-heading--3059f0cd-dd98-46bd-9993-c9073a6813d5\"><div class=\"et_pb_heading_container\"><h2 class=\"et_pb_module_header\">Why choose Distripack<\/h2><\/div><\/div>\n\n<div class=\"et_pb_text_1 et_pb_text et_pb_bg_layout_light et_pb_module et_flex_module\"><div class=\"et_pb_text_inner\"><p>A commercial network sustained with confidence and results:<\/p>\n<\/div><\/div>\n\n<div class=\"et_pb_row_3 et_pb_row et_pb_row_nested et_flex_row preset--group--divi-row--divi-layout--default preset--module--divi-row--default\">\n<div class=\"et_pb_column_4 et_pb_column et_flex_column et_pb_css_mix_blend_mode_passthrough et_flex_column_12_24 et_flex_column_24_24_phone et_flex_column_24_24_phoneWide\">\n<div class=\"et_pb_blurb_0 et_pb_blurb et_pb_bg_layout_dark et_pb_text_align_left et_pb_blurb_position_top et_pb_module et_block_module preset--module--divi-blurb--default\"><div class=\"et_pb_blurb_content\"><div class=\"et_pb_main_blurb_image\"><span class=\"et_pb_image_wrap\"><span class=\"et-pb-icon et-waypoint et_pb_animation_off et_pb_animation_off_tablet et_pb_animation_off_phone\">\uf0ac<\/span><\/span><\/div><div class=\"et_pb_blurb_container\"><h4 class=\"et_pb_module_header\">INTERNATIONAL COVERAGE<\/h4><div class=\"et_pb_blurb_description\"><p>We operate with partners in America, Europe and Asia.<\/p>\n<\/div><\/div><\/div><\/div>\n<\/div>\n\n<div class=\"et_pb_column_5 et_pb_column et-last-child et_flex_column et_pb_css_mix_blend_mode_passthrough et_flex_column_12_24 et_flex_column_24_24_phone et_flex_column_24_24_phoneWide\">\n<div class=\"et_pb_blurb_1 et_pb_blurb et_pb_bg_layout_dark et_pb_text_align_left et_pb_blurb_position_top et_pb_module et_block_module preset--module--divi-blurb--default\"><div class=\"et_pb_blurb_content\"><div class=\"et_pb_main_blurb_image\"><span class=\"et_pb_image_wrap\"><span class=\"et-pb-icon et-waypoint et_pb_animation_off et_pb_animation_off_tablet et_pb_animation_off_phone\">\ue078<\/span><\/span><\/div><div class=\"et_pb_blurb_container\"><h4 class=\"et_pb_module_header\">Verified network of providers <\/h4><div class=\"et_pb_blurb_description\"><p class=\"translation-block\">We work with accredited manufacturers.<\/p>\n<\/div><\/div><\/div><\/div>\n<\/div>\n<\/div>\n\n<div class=\"et_pb_row_4 et_pb_row et_pb_row_nested et_flex_row preset--group--divi-row--divi-layout--default preset--module--divi-row--default\">\n<div class=\"et_pb_column_6 et_pb_column et_flex_column et_pb_css_mix_blend_mode_passthrough et_flex_column_12_24 et_flex_column_24_24_phone et_flex_column_24_24_phoneWide\">\n<div class=\"et_pb_blurb_2 et_pb_blurb et_pb_bg_layout_dark et_pb_text_align_left et_pb_blurb_position_top et_pb_module et_block_module preset--module--divi-blurb--default\"><div class=\"et_pb_blurb_content\"><div class=\"et_pb_main_blurb_image\"><span class=\"et_pb_image_wrap\"><span class=\"et-pb-icon et-waypoint et_pb_animation_off et_pb_animation_off_tablet et_pb_animation_off_phone\">\uf06c<\/span><\/span><\/div><div class=\"et_pb_blurb_container\"><h4 class=\"et_pb_module_header\" data-et-multi-view-load-phone-hidden=\"true\">Sustainability<\/h4><div class=\"et_pb_blurb_description\" data-et-multi-view-load-phone-hidden=\"true\"><p>We prioritize the selection of recyclable and biodegradable materials.<\/p>\n<\/div><\/div><\/div><\/div>\n<\/div>\n\n<div class=\"et_pb_column_7 et_pb_column et-last-child et_flex_column et_pb_css_mix_blend_mode_passthrough et_flex_column_12_24 et_flex_column_24_24_phone et_flex_column_24_24_phoneWide\">\n<div class=\"et_pb_blurb_3 et_pb_blurb et_pb_bg_layout_dark et_pb_text_align_left et_pb_blurb_position_top et_pb_module et_block_module preset--module--divi-blurb--default\"><div class=\"et_pb_blurb_content\"><div class=\"et_pb_main_blurb_image\"><span class=\"et_pb_image_wrap\"><span class=\"et-pb-icon et-waypoint et_pb_animation_off et_pb_animation_off_tablet et_pb_animation_off_phone\">\uf474<\/span><\/span><\/div><div class=\"et_pb_blurb_container\"><h4 class=\"et_pb_module_header\">Comprehensive logistics solutions<\/h4><div class=\"et_pb_blurb_description\"><p>We coordinate transportation, documentation and timing.<\/p>\n<\/div><\/div><\/div><\/div>\n<\/div>\n<\/div>\n<\/div>\n\n<div class=\"et_pb_column_8 et_pb_column et-last-child et_flex_column et_pb_column_empty et_pb_css_mix_blend_mode_passthrough et_flex_column_2_5 et_flex_column_24_24_phone et_flex_column_24_24_phoneWide\"><\/div>\n<\/div>\n<\/div>\n\n<div class=\"et_pb_section_3 et_pb_section et_section_regular et_flex_section preset--group--divi-section--divi-layout--default\">\n<div class=\"et_pb_row_5 et_pb_row et_flex_row et_flex_column_24_24 preset--group--divi-row--divi-layout--default preset--module--divi-row--default\">\n<div class=\"et_pb_column_9 et_pb_column et-last-child et_flex_column et_pb_css_mix_blend_mode_passthrough et_flex_column_24_24\">\n<div class=\"et_pb_row_6 et_pb_row et_pb_gutters3 et_pb_row_nested et_block_row preset--group--divi-row--divi-layout--default preset--module--divi-row--default\">\n<div class=\"et_pb_column_10 et_pb_column et_pb_column_4_4 et-last-child et_block_column et_pb_css_mix_blend_mode_passthrough\">\n<div class=\"et_pb_heading_2 et_pb_heading et_pb_module et_flex_module\"><div class=\"et_pb_heading_container\"><h2 class=\"et_pb_module_header\">How We Work<\/h2><\/div><\/div>\n\n<div class=\"et_pb_text_2 et_pb_text et_pb_bg_layout_dark et_pb_module et_flex_module\"><div class=\"et_pb_text_inner\"><p>Smart, simple and secure trading:<\/p>\n<\/div><\/div>\n\n<div class=\"et_pb_divider_0 et_pb_divider et_pb_space et_pb_divider_position_top et_pb_module\"><div class=\"et_pb_divider_internal\"><\/div><\/div>\n\n<div class=\"et_pb_slider_1 et_pb_slider et_pb_slider_fullwidth_off et_pb_slider_no_pagination et_slider_auto et_slider_speed_3500 et_pb_module et_block_module preset--module--divi-slider--3f447fbb-ecfe-47d3-a77c-96591cc3d681\"><div class=\"et_pb_slides\">\n<div class=\"et_pb_slide_3 et_pb_slide et_pb_media_alignment_center et_pb_bg_layout_dark\" data-slide-id=\"divi\/slide-3\"><div class=\"et_pb_container\"><div class=\"et_pb_slider_container_inner\"><div class=\"et_pb_slide_description\"><h2 class=\"et_pb_slide_title\">1- We identify business opportunities<\/h2><\/div><\/div><\/div><\/div>\n\n<div class=\"et_pb_slide_4 et_pb_slide et_pb_media_alignment_center et_pb_bg_layout_dark\" data-slide-id=\"divi\/slide-4\"><div class=\"et_pb_container\"><div class=\"et_pb_slider_container_inner\"><div class=\"et_pb_slide_description\"><h2 class=\"et_pb_slide_title\">2. We connect certified buyers and suppliers.<\/h2><\/div><\/div><\/div><\/div>\n\n<div class=\"et_pb_slide_5 et_pb_slide et_pb_media_alignment_center et_pb_bg_layout_dark\" data-slide-id=\"divi\/slide-5\"><div class=\"et_pb_container\"><div class=\"et_pb_slider_container_inner\"><div class=\"et_pb_slide_description\"><h2 class=\"et_pb_slide_title\">3. We coordinate the entire operation (negotiation, logistics and delivery).<\/h2><\/div><\/div><\/div><\/div>\n<\/div><\/div>\n\n<div class=\"et_pb_divider_1 et_pb_divider et_pb_space et_pb_divider_position_top et_pb_module\"><div class=\"et_pb_divider_internal\"><\/div><\/div>\n<\/div>\n<\/div>\n<\/div>\n<\/div>\n<\/div>\n\n<div class=\"et_pb_section_4 et_pb_section et_section_regular et_block_section preset--group--divi-section--divi-layout--default preset--module--divi-section--07c1ad7a-a4db-4573-aa9f-7d940d6052a6\">\n<div class=\"et_pb_row_7 et_pb_row et_pb_gutters3 et_block_row preset--group--divi-row--divi-layout--default preset--module--divi-row--default\">\n<div class=\"et_pb_column_11 et_pb_column et_pb_column_2_5 et_block_column et_pb_css_mix_blend_mode_passthrough\">\n<div class=\"et_pb_image_1 et_pb_image et_pb_module et_flex_module preset--module--divi-image--default\"><span class=\"et_pb_image_wrap\"><img decoding=\"async\" data-src=\"https:\/\/distripacktrading.surhost.com\/wp-content\/uploads\/2025\/11\/sobre-distripack-683x1024.jpg\" width=\"683\" height=\"1024\" data-sizes=\"(min-width: 0px) and (max-width: 480px) 480px, (min-width: 481px) 683px, 100vw\" class=\"wp-image-844 lazyload\" src=\"data:image\/gif;base64,R0lGODlhAQABAAAAACH5BAEKAAEALAAAAAABAAEAAAICTAEAOw==\" style=\"--smush-placeholder-width: 683px; --smush-placeholder-aspect-ratio: 683\/1024;\" \/><\/span><\/div>\n<\/div>\n\n<div class=\"et_pb_column_12 et_pb_column et_pb_column_3_5 et-last-child et_block_column et_pb_css_mix_blend_mode_passthrough\">\n<div class=\"et_pb_heading_3 et_pb_heading et_pb_module et_block_module preset--module--divi-heading--default\"><div class=\"et_pb_heading_container\"><h1 class=\"et_pb_module_header\">GLOBAL INTELLIGENCE<\/h1><\/div><\/div>\n\n<div class=\"et_pb_text_3 et_pb_text et_pb_bg_layout_light et_pb_module et_block_module preset--module--divi-text--de29743a-b3bd-4312-8d11-1316c7001969\"><div class=\"et_pb_text_inner\" data-et-multi-view-load-phone-hidden=\"true\"><p>Distripack uses tools for analyzing prices and global trends in the markets in which it operates.<\/p>\n<p>n<\/p>\n<p>Our agents, with extensive experience in each of the sectors in which we operate, advise you on obtaining the optimal combination of quality, price and delivery speed.<\/p>\n<p>n<\/p>\n<p>We offer reports and strategic advice so that our clients can make informed and profitable decisions.<\/p>\n<\/div><\/div>\n<\/div>\n<\/div>\n<\/div>","protected":false},"excerpt":{"rendered":"<p>Global Trading en Papeles, Industria Gr\u00e1fica, Comunicaci\u00f3n Visual, Packaging Ecol\u00f3gico y Sistemas Modulares de Construcci\u00f3n Sustentable<\/p>","protected":false},"author":1,"featured_media":844,"parent":0,"menu_order":0,"comment_status":"closed","ping_status":"closed","template":"","meta":{"_acf_changed":false,"footnotes":""},"class_list":["post-982","page","type-page","status-publish","has-post-thumbnail","hentry"],"acf":[],"_links":{"self":[{"href":"https:\/\/distripacktrading.surhost.com\/en\/wp-json\/wp\/v2\/pages\/982","targetHints":{"allow":["GET"]}}],"collection":[{"href":"https:\/\/distripacktrading.surhost.com\/en\/wp-json\/wp\/v2\/pages"}],"about":[{"href":"https:\/\/distripacktrading.surhost.com\/en\/wp-json\/wp\/v2\/types\/page"}],"author":[{"embeddable":true,"href":"https:\/\/distripacktrading.surhost.com\/en\/wp-json\/wp\/v2\/users\/1"}],"replies":[{"embeddable":true,"href":"https:\/\/distripacktrading.surhost.com\/en\/wp-json\/wp\/v2\/comments?post=982"}],"version-history":[{"count":13,"href":"https:\/\/distripacktrading.surhost.com\/en\/wp-json\/wp\/v2\/pages\/982\/revisions"}],"predecessor-version":[{"id":1076,"href":"https:\/\/distripacktrading.surhost.com\/en\/wp-json\/wp\/v2\/pages\/982\/revisions\/1076"}],"wp:featuredmedia":[{"embeddable":true,"href":"https:\/\/distripacktrading.surhost.com\/en\/wp-json\/wp\/v2\/media\/844"}],"wp:attachment":[{"href":"https:\/\/distripacktrading.surhost.com\/en\/wp-json\/wp\/v2\/media?parent=982"}],"curies":[{"name":"wp","href":"https:\/\/api.w.org\/{rel}","templated":true}]}}